{"id":1277,"date":"2025-09-03T20:44:32","date_gmt":"2025-09-03T20:44:32","guid":{"rendered":"https:\/\/soulsticedance.com\/?page_id=1277"},"modified":"2025-12-10T16:28:14","modified_gmt":"2025-12-10T16:28:14","slug":"soulstice-dance-2","status":"publish","type":"page","link":"https:\/\/soulsticedance.com\/en\/","title":{"rendered":"SOULSTICE DANCE"},"content":{"rendered":"<div data-elementor-type=\"wp-page\" data-elementor-id=\"1277\" class=\"elementor elementor-1277\" data-elementor-post-type=\"page\">\n\t\t\t\t<div class=\"elementor-element elementor-element-ef28f05 e-flex e-con-boxed e-con e-parent\" data-id=\"ef28f05\" data-element_type=\"container\" data-settings=\"{&quot;background_background&quot;:&quot;video&quot;,&quot;background_video_link&quot;:&quot;https:\\\/\\\/soulsticedance.com\\\/wp-content\\\/uploads\\\/2025\\\/09\\\/DRONE_EVENTO_16_9_2.mp4&quot;,&quot;background_play_on_mobile&quot;:&quot;yes&quot;}\">\n\t\t\t\t\t<div class=\"e-con-inner\">\n\t\t<div class=\"elementor-background-video-container\" aria-hidden=\"true\">\n\t\t\t\t\t\t\t<video class=\"elementor-background-video-hosted\" autoplay muted playsinline loop><\/video>\n\t\t\t\t\t<\/div>\t\t<div class=\"elementor-element elementor-element-b162d57 animated-slow elementor-invisible elementor-widget elementor-widget-heading\" data-id=\"b162d57\" data-element_type=\"widget\" data-settings=\"{&quot;_animation&quot;:&quot;fadeIn&quot;,&quot;_animation_delay&quot;:500}\" data-widget_type=\"heading.default\">\n\t\t\t\t\t<h2 class=\"elementor-heading-title elementor-size-default\">UN FESTIVAL DE M\u00daSICA Y CONCIENCIA<br>\n\nEn  un para\u00edso frente a la playa<\/h2>\t\t\t\t<\/div>\n\t\t\t\t<div class=\"elementor-element elementor-element-25a67e7 elementor-invisible elementor-widget elementor-widget-text-editor\" data-id=\"25a67e7\" data-element_type=\"widget\" data-settings=\"{&quot;_animation&quot;:&quot;fadeIn&quot;,&quot;_animation_delay&quot;:750}\" data-widget_type=\"text-editor.default\">\n\t\t\t\t\t\t\t\t\t<p>Dos d\u00edas de m\u00fasica, arte y actividades Hol\u00edsticas<\/p><p>En el sector de Buritaca &#8211; Santa Marta &#8211; Colombia<\/p>\t\t\t\t\t\t\t\t<\/div>\n\t\t<div class=\"elementor-element elementor-element-a6887c3 e-con-full e-flex e-con e-child\" data-id=\"a6887c3\" data-element_type=\"container\">\n\t\t\t\t<div class=\"elementor-element elementor-element-f3a256b elementor-invisible elementor-widget elementor-widget-button\" data-id=\"f3a256b\" data-element_type=\"widget\" data-settings=\"{&quot;_animation&quot;:&quot;fadeInLeft&quot;,&quot;_animation_delay&quot;:1000}\" data-widget_type=\"button.default\">\n\t\t\t\t\t\t\t\t\t\t<a class=\"elementor-button elementor-button-link elementor-size-sm\" href=\"https:\/\/www.ticketmaster.co\/event\/soulstice-dance-2025\">\n\t\t\t\t\t\t<span class=\"elementor-button-content-wrapper\">\n\t\t\t\t\t\t\t\t\t<span class=\"elementor-button-text\">Comprar ticket<\/span>\n\t\t\t\t\t<\/span>\n\t\t\t\t\t<\/a>\n\t\t\t\t\t\t\t\t<\/div>\n\t\t\t\t<div class=\"elementor-element elementor-element-8ba26ae animated-slow elementor-invisible elementor-widget elementor-widget-image\" data-id=\"8ba26ae\" data-element_type=\"widget\" data-settings=\"{&quot;_animation&quot;:&quot;fadeIn&quot;,&quot;_animation_delay&quot;:1500}\" data-widget_type=\"image.default\">\n\t\t\t\t\t\t\t\t\t\t\t\t\t\t\t<img decoding=\"async\" width=\"186\" height=\"25\" src=\"https:\/\/soulsticedance.com\/wp-content\/uploads\/2025\/09\/ticketmaster-blanco.png\" class=\"attachment-full size-full wp-image-1305\" alt=\"\" srcset=\"https:\/\/soulsticedance.com\/wp-content\/uploads\/2025\/09\/ticketmaster-blanco.png 186w, https:\/\/soulsticedance.com\/wp-content\/uploads\/2025\/09\/ticketmaster-blanco-18x2.png 18w\" sizes=\"(max-width: 186px) 100vw, 186px\" \/>\t\t\t\t\t\t\t\t\t\t\t\t\t\t\t<\/div>\n\t\t\t\t<\/div>\n\t\t\t\t\t<\/div>\n\t\t\t\t<\/div>\n\t\t<div class=\"elementor-element elementor-element-20128b6 e-con-full e-flex e-con e-parent\" data-id=\"20128b6\" data-element_type=\"container\">\n\t\t\t\t<div class=\"elementor-element elementor-element-eaf2b92 elementor-arrows-position-inside elementor-widget elementor-widget-image-carousel\" data-id=\"eaf2b92\" data-element_type=\"widget\" data-settings=\"{&quot;slides_to_show&quot;:&quot;1&quot;,&quot;navigation&quot;:&quot;arrows&quot;,&quot;lazyload&quot;:&quot;yes&quot;,&quot;autoplay_speed&quot;:3000,&quot;autoplay&quot;:&quot;yes&quot;,&quot;pause_on_interaction&quot;:&quot;yes&quot;,&quot;infinite&quot;:&quot;yes&quot;,&quot;effect&quot;:&quot;slide&quot;,&quot;speed&quot;:500}\" data-widget_type=\"image-carousel.default\">\n\t\t\t\t\t\t\t<div class=\"elementor-image-carousel-wrapper swiper\" role=\"region\" aria-roledescription=\"carousel\" aria-label=\"Carrusel de im\u00e1genes\" dir=\"ltr\">\n\t\t\t<div class=\"elementor-image-carousel swiper-wrapper swiper-image-stretch\" aria-live=\"off\">\n\t\t\t\t\t\t\t\t<div class=\"swiper-slide\" role=\"group\" aria-roledescription=\"slide\" aria-label=\"1 of 2\" data-no-translation-aria-label=\"\"><figure class=\"swiper-slide-inner\"><img class=\"swiper-slide-image swiper-lazy\" data-src=\"https:\/\/soulsticedance.com\/wp-content\/uploads\/2025\/09\/BANNER_THEWAILERS.jpg\" alt=\"BANNER_THEWAILERS\" \/><div class=\"swiper-lazy-preloader\"><\/div><\/figure><\/div><div class=\"swiper-slide\" role=\"group\" aria-roledescription=\"slide\" aria-label=\"2 of 2\" data-no-translation-aria-label=\"\"><figure class=\"swiper-slide-inner\"><img class=\"swiper-slide-image swiper-lazy\" data-src=\"https:\/\/soulsticedance.com\/wp-content\/uploads\/2025\/12\/LINEUP_BANNER_TICKETMASTER_ARTE-FINAL.jpg\" alt=\"LINEUP_BANNER_TICKETMASTER_ARTE FINAL\" \/><div class=\"swiper-lazy-preloader\"><\/div><\/figure><\/div>\t\t\t<\/div>\n\t\t\t\t\t\t\t\t\t\t\t\t<div class=\"elementor-swiper-button elementor-swiper-button-prev\" role=\"button\" tabindex=\"0\">\n\t\t\t\t\t\t<svg aria-hidden=\"true\" class=\"e-font-icon-svg e-eicon-chevron-left\" viewbox=\"0 0 1000 1000\" xmlns=\"http:\/\/www.w3.org\/2000\/svg\"><path d=\"M646 125C629 125 613 133 604 142L308 442C296 454 292 471 292 487 292 504 296 521 308 533L604 854C617 867 629 875 646 875 663 875 679 871 692 858 704 846 713 829 713 812 713 796 708 779 692 767L438 487 692 225C700 217 708 204 708 187 708 171 704 154 692 142 675 129 663 125 646 125Z\"><\/path><\/svg>\t\t\t\t\t<\/div>\n\t\t\t\t\t<div class=\"elementor-swiper-button elementor-swiper-button-next\" role=\"button\" tabindex=\"0\">\n\t\t\t\t\t\t<svg aria-hidden=\"true\" class=\"e-font-icon-svg e-eicon-chevron-right\" viewbox=\"0 0 1000 1000\" xmlns=\"http:\/\/www.w3.org\/2000\/svg\"><path d=\"M696 533C708 521 713 504 713 487 713 471 708 454 696 446L400 146C388 133 375 125 354 125 338 125 325 129 313 142 300 154 292 171 292 187 292 204 296 221 308 233L563 492 304 771C292 783 288 800 288 817 288 833 296 850 308 863 321 871 338 875 354 875 371 875 388 867 400 854L696 533Z\"><\/path><\/svg>\t\t\t\t\t<\/div>\n\t\t\t\t\n\t\t\t\t\t\t\t\t\t<\/div>\n\t\t\t\t\t\t<\/div>\n\t\t\t\t<\/div>\n\t\t<div class=\"elementor-element elementor-element-d9ada37 e-con-full e-flex e-con e-parent\" data-id=\"d9ada37\" data-element_type=\"container\" id=\"Lineup\">\n\t\t\t\t<div class=\"elementor-element elementor-element-55cdd36 elementor-hidden-tablet elementor-hidden-mobile elementor-widget elementor-widget-image\" data-id=\"55cdd36\" data-element_type=\"widget\" data-widget_type=\"image.default\">\n\t\t\t\t\t\t\t\t\t\t\t\t\t\t\t<img fetchpriority=\"high\" decoding=\"async\" width=\"1920\" height=\"720\" src=\"https:\/\/soulsticedance.com\/wp-content\/uploads\/2025\/12\/LINEUP_BANNER_TICKETMASTER_ARTE-FINAL.jpg\" class=\"attachment-full size-full wp-image-1644\" alt=\"\" srcset=\"https:\/\/soulsticedance.com\/wp-content\/uploads\/2025\/12\/LINEUP_BANNER_TICKETMASTER_ARTE-FINAL.jpg 1920w, https:\/\/soulsticedance.com\/wp-content\/uploads\/2025\/12\/LINEUP_BANNER_TICKETMASTER_ARTE-FINAL-300x113.jpg 300w, https:\/\/soulsticedance.com\/wp-content\/uploads\/2025\/12\/LINEUP_BANNER_TICKETMASTER_ARTE-FINAL-1024x384.jpg 1024w, https:\/\/soulsticedance.com\/wp-content\/uploads\/2025\/12\/LINEUP_BANNER_TICKETMASTER_ARTE-FINAL-768x288.jpg 768w, https:\/\/soulsticedance.com\/wp-content\/uploads\/2025\/12\/LINEUP_BANNER_TICKETMASTER_ARTE-FINAL-1536x576.jpg 1536w, https:\/\/soulsticedance.com\/wp-content\/uploads\/2025\/12\/LINEUP_BANNER_TICKETMASTER_ARTE-FINAL-18x7.jpg 18w\" sizes=\"(max-width: 1920px) 100vw, 1920px\" \/>\t\t\t\t\t\t\t\t\t\t\t\t\t\t\t<\/div>\n\t\t\t\t<div class=\"elementor-element elementor-element-c825bd3 elementor-hidden-widescreen elementor-hidden-desktop elementor-widget elementor-widget-image\" data-id=\"c825bd3\" data-element_type=\"widget\" data-widget_type=\"image.default\">\n\t\t\t\t\t\t\t\t\t\t\t\t\t\t\t<img decoding=\"async\" width=\"768\" height=\"768\" src=\"https:\/\/soulsticedance.com\/wp-content\/uploads\/2025\/12\/LINEUP_BANNER_768X768_ARTE-FINAL.jpg\" class=\"attachment-full size-full wp-image-1645\" alt=\"\" srcset=\"https:\/\/soulsticedance.com\/wp-content\/uploads\/2025\/12\/LINEUP_BANNER_768X768_ARTE-FINAL.jpg 768w, https:\/\/soulsticedance.com\/wp-content\/uploads\/2025\/12\/LINEUP_BANNER_768X768_ARTE-FINAL-300x300.jpg 300w, https:\/\/soulsticedance.com\/wp-content\/uploads\/2025\/12\/LINEUP_BANNER_768X768_ARTE-FINAL-150x150.jpg 150w, https:\/\/soulsticedance.com\/wp-content\/uploads\/2025\/12\/LINEUP_BANNER_768X768_ARTE-FINAL-12x12.jpg 12w\" sizes=\"(max-width: 768px) 100vw, 768px\" \/>\t\t\t\t\t\t\t\t\t\t\t\t\t\t\t<\/div>\n\t\t\t\t<\/div>\n\t\t<div class=\"elementor-element elementor-element-7878f6e e-con-full e-flex e-con e-parent\" data-id=\"7878f6e\" data-element_type=\"container\">\n\t\t\t\t<div class=\"elementor-element elementor-element-ac8bfcc elementor-widget elementor-widget-video\" data-id=\"ac8bfcc\" data-element_type=\"widget\" data-settings=\"{&quot;video_type&quot;:&quot;hosted&quot;,&quot;autoplay&quot;:&quot;yes&quot;,&quot;play_on_mobile&quot;:&quot;yes&quot;,&quot;loop&quot;:&quot;yes&quot;,&quot;mute&quot;:&quot;yes&quot;}\" data-widget_type=\"video.default\">\n\t\t\t\t\t\t\t<div class=\"e-hosted-video elementor-wrapper elementor-open-inline\">\n\t\t\t\t\t<video class=\"elementor-video\" src=\"https:\/\/soulsticedance.com\/wp-content\/uploads\/2025\/12\/SOUSLTICE_DANCE_50SEGUNDOS_FINAL_1.mp4\" autoplay=\"\" loop=\"\" muted=\"muted\" playsinline=\"\" controlslist=\"nodownload\" poster=\"https:\/\/soulsticedance.com\/wp-content\/uploads\/2025\/08\/WhatsApp-Image-2025-08-27-at-23.42.26-2-1.jpeg\"><\/video>\n\t\t\t\t<\/div>\n\t\t\t\t\t\t<\/div>\n\t\t\t\t<div class=\"elementor-element elementor-element-6fe80bb elementor-hidden-widescreen elementor-hidden-desktop elementor-hidden-tablet elementor-hidden-mobile elementor-widget elementor-widget-video\" data-id=\"6fe80bb\" data-element_type=\"widget\" data-settings=\"{&quot;video_type&quot;:&quot;hosted&quot;,&quot;autoplay&quot;:&quot;yes&quot;,&quot;play_on_mobile&quot;:&quot;yes&quot;,&quot;loop&quot;:&quot;yes&quot;,&quot;mute&quot;:&quot;yes&quot;,&quot;controls&quot;:&quot;yes&quot;}\" data-widget_type=\"video.default\">\n\t\t\t\t\t\t\t<div class=\"e-hosted-video elementor-wrapper elementor-open-inline\">\n\t\t\t\t\t<video class=\"elementor-video\" src=\"https:\/\/soulsticedance.com\/wp-content\/uploads\/2025\/09\/SOULSTICE_PROMO_916.mp4\" autoplay=\"\" loop=\"\" controls=\"\" muted=\"muted\" playsinline=\"\" controlslist=\"nodownload\" poster=\"https:\/\/soulsticedance.com\/wp-content\/uploads\/2025\/08\/WhatsApp-Image-2025-08-27-at-23.42.26-2-1.jpeg\"><\/video>\n\t\t\t\t<\/div>\n\t\t\t\t\t\t<\/div>\n\t\t\t\t<\/div>\n\t\t<div class=\"elementor-element elementor-element-6d6c4a8 e-flex e-con-boxed e-con e-parent\" data-id=\"6d6c4a8\" data-element_type=\"container\" data-settings=\"{&quot;background_background&quot;:&quot;classic&quot;}\">\n\t\t\t\t\t<div class=\"e-con-inner\">\n\t\t<div class=\"elementor-element elementor-element-04048bb e-con-full e-flex e-con e-child\" data-id=\"04048bb\" data-element_type=\"container\">\n\t\t\t\t<div class=\"elementor-element elementor-element-52f1729 elementor-invisible elementor-widget elementor-widget-text-editor\" data-id=\"52f1729\" data-element_type=\"widget\" data-settings=\"{&quot;_animation&quot;:&quot;fadeIn&quot;,&quot;_animation_delay&quot;:750}\" data-widget_type=\"text-editor.default\">\n\t\t\t\t\t\t\t\t\t<p>ya puedes hacer parte de nuestra<\/p>\t\t\t\t\t\t\t\t<\/div>\n\t\t\t\t<div class=\"elementor-element elementor-element-a9bfdba animated-slow elementor-invisible elementor-widget elementor-widget-heading\" data-id=\"a9bfdba\" data-element_type=\"widget\" data-settings=\"{&quot;_animation&quot;:&quot;fadeIn&quot;,&quot;_animation_delay&quot;:500}\" data-widget_type=\"heading.default\">\n\t\t\t\t\t<h2 class=\"elementor-heading-title elementor-size-default\">soulstice tribe<\/h2>\t\t\t\t<\/div>\n\t\t\t\t<div class=\"elementor-element elementor-element-3a8076b elementor-invisible elementor-widget elementor-widget-text-editor\" data-id=\"3a8076b\" data-element_type=\"widget\" data-settings=\"{&quot;_animation&quot;:&quot;fadeIn&quot;,&quot;_animation_delay&quot;:750}\" data-widget_type=\"text-editor.default\">\n\t\t\t\t\t\t\t\t\t<p>Forma parte de la Tribu Soulstice<\/p><p>y asegura tu lugar en esta experiencia \u00fanica.<\/p><p>Solo para quienes sienten el llamado!<\/p>\t\t\t\t\t\t\t\t<\/div>\n\t\t\t\t<div class=\"elementor-element elementor-element-f338660 elementor-widget elementor-widget-spacer\" data-id=\"f338660\" data-element_type=\"widget\" data-widget_type=\"spacer.default\">\n\t\t\t\t\t\t\t<div class=\"elementor-spacer\">\n\t\t\t<div class=\"elementor-spacer-inner\"><\/div>\n\t\t<\/div>\n\t\t\t\t\t\t<\/div>\n\t\t\t\t<div class=\"elementor-element elementor-element-d7faa5f elementor-invisible elementor-widget elementor-widget-button\" data-id=\"d7faa5f\" data-element_type=\"widget\" data-settings=\"{&quot;_animation&quot;:&quot;fadeInLeft&quot;,&quot;_animation_delay&quot;:1000}\" data-widget_type=\"button.default\">\n\t\t\t\t\t\t\t\t\t\t<a class=\"elementor-button elementor-button-link elementor-size-sm\" href=\"https:\/\/www.ticketmaster.co\/event\/soulstice-dance-2025\">\n\t\t\t\t\t\t<span class=\"elementor-button-content-wrapper\">\n\t\t\t\t\t\t\t\t\t<span class=\"elementor-button-text\">Comprar ticket<\/span>\n\t\t\t\t\t<\/span>\n\t\t\t\t\t<\/a>\n\t\t\t\t\t\t\t\t<\/div>\n\t\t\t\t<div class=\"elementor-element elementor-element-8f0d139 elementor-invisible elementor-widget elementor-widget-text-editor\" data-id=\"8f0d139\" data-element_type=\"widget\" data-settings=\"{&quot;_animation&quot;:&quot;fadeIn&quot;,&quot;_animation_delay&quot;:750}\" data-widget_type=\"text-editor.default\">\n\t\t\t\t\t\t\t\t\t<p>\u00a0Entradas limitadas. El viaje comienza contigo.<\/p>\t\t\t\t\t\t\t\t<\/div>\n\t\t\t\t<\/div>\n\t\t\t\t\t<\/div>\n\t\t\t\t<\/div>\n\t\t\t\t<\/div>","protected":false},"excerpt":{"rendered":"<p>UN FESTIVAL DE M\u00daSICA Y CONCIENCIA En un para\u00edso frente a la playa Dos d\u00edas de m\u00fasica, arte y actividades Hol\u00edsticas En el sector de Buritaca &#8211; Santa Marta &#8211; Colombia Comprar ticket https:\/\/soulsticedance.com\/wp-content\/uploads\/2025\/12\/SOUSLTICE_DANCE_50SEGUNDOS_FINAL_1.mp4https:\/\/soulsticedance.com\/wp-content\/uploads\/2025\/09\/SOULSTICE_PROMO_916.mp4 ya puedes hacer parte de nuestra soulstice tribe Forma parte de la Tribu Soulstice y asegura tu lugar en esta experiencia [&hellip;]<\/p>","protected":false},"author":1,"featured_media":0,"parent":0,"menu_order":0,"comment_status":"closed","ping_status":"closed","template":"elementor_header_footer","meta":{"_monsterinsights_skip_tracking":false,"_monsterinsights_sitenote_active":false,"_monsterinsights_sitenote_note":"","_monsterinsights_sitenote_category":0,"footnotes":""},"class_list":["post-1277","page","type-page","status-publish","hentry"],"aioseo_notices":[],"_links":{"self":[{"href":"https:\/\/soulsticedance.com\/en\/wp-json\/wp\/v2\/pages\/1277","targetHints":{"allow":["GET"]}}],"collection":[{"href":"https:\/\/soulsticedance.com\/en\/wp-json\/wp\/v2\/pages"}],"about":[{"href":"https:\/\/soulsticedance.com\/en\/wp-json\/wp\/v2\/types\/page"}],"author":[{"embeddable":true,"href":"https:\/\/soulsticedance.com\/en\/wp-json\/wp\/v2\/users\/1"}],"replies":[{"embeddable":true,"href":"https:\/\/soulsticedance.com\/en\/wp-json\/wp\/v2\/comments?post=1277"}],"version-history":[{"count":148,"href":"https:\/\/soulsticedance.com\/en\/wp-json\/wp\/v2\/pages\/1277\/revisions"}],"predecessor-version":[{"id":1656,"href":"https:\/\/soulsticedance.com\/en\/wp-json\/wp\/v2\/pages\/1277\/revisions\/1656"}],"wp:attachment":[{"href":"https:\/\/soulsticedance.com\/en\/wp-json\/wp\/v2\/media?parent=1277"}],"curies":[{"name":"wp","href":"https:\/\/api.w.org\/{rel}","templated":true}]}}